{"id":1828,"date":"2019-06-26T21:10:05","date_gmt":"2019-06-27T00:10:05","guid":{"rendered":"https:\/\/calhaschapeco.com.br\/?page_id=1828"},"modified":"2021-03-01T17:03:02","modified_gmt":"2021-03-01T20:03:02","slug":"calhas-algerosas-e-rufus","status":"publish","type":"page","link":"https:\/\/calhaschapeco.com.br\/index.php\/calhas-algerosas-e-rufus\/","title":{"rendered":"Calhas Algerosas e Rufus"},"content":{"rendered":"<div id=\"pl-1828\"  class=\"panel-layout\" ><div id=\"pg-1828-0\"  class=\"panel-grid panel-has-style\" ><div class=\"siteorigin-panels-stretch tablet-2-in-row mobile-1-in-row desktop-default full-width-on-small-devices full-width-on-tablets panel-row-style panel-row-style-for-1828-0\" style=\"background-position: center center; background-repeat: no-repeat; background-size:cover;\" data-stretch-type=\"full\" ><div id=\"pgc-1828-0-0\"  class=\"panel-grid-cell panel-grid-cell-mobile-last\" ><div class=\"overlay-c2 panel-cell-style panel-cell-style-for-1828-0-0\" ><div id=\"panel-1828-0-0-0\" class=\"so-panel widget widget_sow-editor panel-first-child panel-last-child\" data-index=\"0\" ><div class=\"orion mobile-text-center text-light panel-widget-style panel-widget-style-for-1828-0-0-0\" ><div class=\"so-widget-sow-editor so-widget-sow-editor-base\">\n<div class=\"siteorigin-widget-tinymce textwidget\">\n\t<h3>Calhas | Algerosas | Rufus<\/h3>\n<p class=\"lead\">\n<\/div>\n<\/div><\/div><\/div><\/div><\/div><div id=\"pgc-1828-0-1\"  class=\"panel-grid-cell panel-grid-cell-empty\" ><\/div><\/div><\/div><div id=\"pg-1828-1\"  class=\"panel-grid panel-has-style\" ><div class=\"siteorigin-panels-stretch tablet-1-in-row mobile-1-in-row desktop-default panel-row-style panel-row-style-for-1828-1\" style=\"background-position: right bottom; background-repeat: no-repeat; background-size:contain;\" data-stretch-type=\"full\" ><div id=\"pgc-1828-1-0\"  class=\"panel-grid-cell\" ><div id=\"panel-1828-1-0-0\" class=\"so-panel widget widget_orion_heading_w panel-first-child\" data-index=\"1\" ><div class=\"orion default panel-widget-style panel-widget-style-for-1828-1-0-0\" ><div class=\"so-widget-orion_heading_w so-widget-orion_heading_w-base\">\n\t<\/div><\/div><\/div><div id=\"panel-1828-1-0-1\" class=\"so-panel widget widget_sow-editor panel-last-child\" data-index=\"2\" ><div class=\"orion default panel-widget-style panel-widget-style-for-1828-1-0-1\" ><div class=\"so-widget-sow-editor so-widget-sow-editor-base\">\n<div class=\"siteorigin-widget-tinymce textwidget\">\n\t<p style=\"text-align: justify; font-size: 17px;\">Prestamos servi\u00e7os na \u00e1rea de fabrica\u00e7\u00e3o e montagem de estruturas met\u00e1licas, atendemos os mais diversos segmentos de edifica\u00e7\u00f5es met\u00e1licasna constru\u00e7\u00e3o civil e industrial; tendo um compromisso em oferecer o melhor custo beneficio aos nossos clientes, utilizando m\u00e3o de obra qualificada e equipamentos modernos, com uma vasta experi\u00eancia no ramo, visando qualidade e agilidade.<\/p>\n<p style=\"text-align: justify; font-size: 17px;\">Traga seu projeto e conhecer\u00e1 o melhor atendimento!<\/p>\n<\/div>\n<\/div><\/div><\/div><\/div><div id=\"pgc-1828-1-1\"  class=\"panel-grid-cell\" ><div id=\"panel-1828-1-1-0\" class=\"so-panel widget widget_orion_empty_space_w panel-first-child\" data-index=\"3\" ><div class=\"orion default panel-widget-style panel-widget-style-for-1828-1-1-0\" ><div class=\"so-widget-orion_empty_space_w so-widget-orion_empty_space_w-base\">\t<div class=\"row empty-space  visible-sm visible-xs\" style=\"height:24px;\">\n\t<\/div><\/div><\/div><\/div><div id=\"panel-1828-1-1-1\" class=\"so-panel widget widget_sow-image panel-last-child\" data-index=\"4\" ><div class=\"orion default panel-widget-style panel-widget-style-for-1828-1-1-1\" ><div class=\"so-widget-sow-image so-widget-sow-image-default-ad2c8d41f7a1\">\r\n\r\n<div class=\"sow-image-container\">\r\n\t<img loading=\"lazy\" decoding=\"async\" src=\"https:\/\/calhaschapeco.com.br\/wp-content\/uploads\/2019\/06\/destak_calhas-300x169.jpg\" width=\"300\" height=\"169\" srcset=\"https:\/\/calhaschapeco.com.br\/wp-content\/uploads\/2019\/06\/destak_calhas-300x169.jpg 300w, https:\/\/calhaschapeco.com.br\/wp-content\/uploads\/2019\/06\/destak_calhas.jpg 555w\" sizes=\"(max-width: 300px) 100vw, 300px\" alt=\"\" \t\tclass=\"so-widget-image\"\/>\r\n<\/div>\r\n\r\n<\/div><\/div><\/div><\/div><\/div><\/div><div id=\"pg-1828-2\"  class=\"panel-grid panel-has-style\" ><div class=\"siteorigin-panels-stretch tablet-1-in-row mobile-1-in-row overlay-c1 panel-row-style panel-row-style-for-1828-2\" data-stretch-type=\"full\" ><div id=\"pgc-1828-2-0\"  class=\"panel-grid-cell\" ><div id=\"panel-1828-2-0-0\" class=\"so-panel widget widget_orion_cta_w panel-first-child panel-last-child\" data-index=\"5\" ><div class=\"orion default panel-widget-style panel-widget-style-for-1828-2-0-0\" ><div class=\"so-widget-orion_cta_w so-widget-orion_cta_w-base\">\n\n<div class=\"wrapper orion-cta  middle_align  cta-centered\" style=\"padding-top: 60px; padding-bottom: 60px; \">\n\t<div class=\"cta-text text-center inline-block\">\n\t\t<h3 class=\"text-light\">Entre em Contato e Solicite Or\u00e7amento!<\/h3>\t<\/div>\n\t<div class=\"cta-btn inline-block text-center\">\n\t\t<a class=\"btn btn-white btn-wire btn-md\"  href=\"https:\/\/calhaschapeco.com.br\/index.php\/contato\/\">\n\t\t\tEntre em Contato\t\t\n\t\t<\/a>\n\t<\/div>\n<\/div><\/div><\/div><\/div><\/div><\/div><\/div><\/div>","protected":false},"excerpt":{"rendered":"<p>Calhas | Algerosas | Rufus Prestamos servi\u00e7os na \u00e1rea de fabrica\u00e7\u00e3o e montagem de estruturas met\u00e1licas, atendemos os mais diversos segmentos de edifica\u00e7\u00f5es met\u00e1licasna constru\u00e7\u00e3o civil e industrial; tendo um compromisso em oferecer o melhor custo beneficio aos nossos clientes, utilizando m\u00e3o de obra qualificada e equipamentos modernos, com uma vasta experi\u00eancia no ramo, visando<\/p>\n","protected":false},"author":1,"featured_media":1848,"parent":0,"menu_order":0,"comment_status":"closed","ping_status":"closed","template":"","meta":{"footnotes":""},"_links":{"self":[{"href":"https:\/\/calhaschapeco.com.br\/index.php\/wp-json\/wp\/v2\/pages\/1828"}],"collection":[{"href":"https:\/\/calhaschapeco.com.br\/index.php\/wp-json\/wp\/v2\/pages"}],"about":[{"href":"https:\/\/calhaschapeco.com.br\/index.php\/wp-json\/wp\/v2\/types\/page"}],"author":[{"embeddable":true,"href":"https:\/\/calhaschapeco.com.br\/index.php\/wp-json\/wp\/v2\/users\/1"}],"replies":[{"embeddable":true,"href":"https:\/\/calhaschapeco.com.br\/index.php\/wp-json\/wp\/v2\/comments?post=1828"}],"version-history":[{"count":5,"href":"https:\/\/calhaschapeco.com.br\/index.php\/wp-json\/wp\/v2\/pages\/1828\/revisions"}],"predecessor-version":[{"id":1852,"href":"https:\/\/calhaschapeco.com.br\/index.php\/wp-json\/wp\/v2\/pages\/1828\/revisions\/1852"}],"wp:featuredmedia":[{"embeddable":true,"href":"https:\/\/calhaschapeco.com.br\/index.php\/wp-json\/wp\/v2\/media\/1848"}],"wp:attachment":[{"href":"https:\/\/calhaschapeco.com.br\/index.php\/wp-json\/wp\/v2\/media?parent=1828"}],"curies":[{"name":"wp","href":"https:\/\/api.w.org\/{rel}","templated":true}]}}