{"id":152,"date":"2016-12-14T13:10:36","date_gmt":"2016-12-14T13:10:36","guid":{"rendered":"http:\/\/recycle.orionthemes.com\/demo-1\/?page_id=152"},"modified":"2019-07-01T11:08:07","modified_gmt":"2019-07-01T14:08:07","slug":"sobre","status":"publish","type":"page","link":"https:\/\/calhaschapeco.com.br\/index.php\/sobre\/","title":{"rendered":"Sobre N\u00f3s"},"content":{"rendered":"<div id=\"pl-152\"  class=\"panel-layout\" ><div id=\"pg-152-0\"  class=\"panel-grid panel-has-style\" ><div class=\"siteorigin-panels-stretch tablet-1-in-row mobile-1-in-row desktop-default panel-row-style panel-row-style-for-152-0\" style=\"background-position: right bottom; background-repeat: no-repeat; background-size:contain;\" data-stretch-type=\"full\" ><div id=\"pgc-152-0-0\"  class=\"panel-grid-cell\" ><div id=\"panel-152-0-0-0\" class=\"so-panel widget widget_orion_heading_w panel-first-child\" data-index=\"0\" ><div class=\"orion default panel-widget-style panel-widget-style-for-152-0-0-0\" ><div class=\"so-widget-orion_heading_w so-widget-orion_heading_w-base\">\n\t\n\t\t\n\t<div class=\"row orion-heading\" style=\"margin-bottom:0px;\">\n\t\t<div class=\"col-md-12   text-left style-h2 style-text-default\">\n\t\t\t<h2 class=\"text-default\">\n\t\t\t\tSobre N\u00f3s\t\t\t<\/h2>\n\t\t<\/div>\n\t<\/div>\n\n\t<\/div><\/div><\/div><div id=\"panel-152-0-0-1\" class=\"so-panel widget widget_sow-editor panel-last-child\" data-index=\"1\" ><div class=\"orion default panel-widget-style panel-widget-style-for-152-0-0-1\" ><div class=\"so-widget-sow-editor so-widget-sow-editor-base\">\n<div class=\"siteorigin-widget-tinymce textwidget\">\n\t<p style=\"text-align: justify; font-size: 17px;\">Calhas Chapec\u00f3 \u00e9 uma empresa que vem atuando no mercado h\u00e1 10 anos na fabrica\u00e7\u00e3o, execu\u00e7\u00e3o e instala\u00e7\u00e3o de Estruturas Met\u00e1licas, Coberturas, Fechamentos, Calhas, Algerosas, Rufos, Pain\u00e9is T\u00e9rmicos e\u00a0 Esquadria de Ferro, trabalhando com compet\u00eancia, honestidade, procurando sempre superar as expectativas e criando solu\u00e7\u00f5es para nossos clientes.<\/p>\n<p style=\"text-align: justify; font-size: 17px;\">A empresa conta com profissionais experientes, qualificados e especializados com equipamentos de \u00faltima gera\u00e7\u00e3o, buscando sempre a perfei\u00e7\u00e3o na execu\u00e7\u00e3o dos servi\u00e7os prestados.<\/p>\n<p style=\"text-align: justify; font-size: 17px;\">O sucesso da Calhas Chapec\u00f3 vem da qualidade, garantia e bons servi\u00e7os prestados.<\/p>\n<p style=\"text-align: justify; font-size: 17px;\">Traga seu projeto e conhecer\u00e1 o melhor atendimento!<\/p>\n<\/div>\n<\/div><\/div><\/div><\/div><div id=\"pgc-152-0-1\"  class=\"panel-grid-cell\" ><div id=\"panel-152-0-1-0\" class=\"so-panel widget widget_orion_empty_space_w panel-first-child\" data-index=\"2\" ><div class=\"orion default panel-widget-style panel-widget-style-for-152-0-1-0\" ><div class=\"so-widget-orion_empty_space_w so-widget-orion_empty_space_w-base\">\t<div class=\"row empty-space  visible-sm visible-xs\" style=\"height:24px;\">\n\t<\/div><\/div><\/div><\/div><div id=\"panel-152-0-1-1\" class=\"so-panel widget widget_sow-image panel-last-child\" data-index=\"3\" ><div class=\"orion default panel-widget-style panel-widget-style-for-152-0-1-1\" ><div class=\"so-widget-sow-image so-widget-sow-image-default-ad2c8d41f7a1\">\r\n\r\n<div class=\"sow-image-container\">\r\n\t<img loading=\"lazy\" decoding=\"async\" src=\"https:\/\/calhaschapeco.com.br\/wp-content\/uploads\/2019\/06\/calha-empresa.jpg\" width=\"500\" height=\"300\" srcset=\"https:\/\/calhaschapeco.com.br\/wp-content\/uploads\/2019\/06\/calha-empresa.jpg 500w, https:\/\/calhaschapeco.com.br\/wp-content\/uploads\/2019\/06\/calha-empresa-300x180.jpg 300w\" sizes=\"(max-width: 500px) 100vw, 500px\" alt=\"\" \t\tclass=\"so-widget-image\"\/>\r\n<\/div>\r\n\r\n<\/div><\/div><\/div><\/div><\/div><\/div><div id=\"pg-152-1\"  class=\"panel-grid panel-has-style\" ><div class=\"siteorigin-panels-stretch tablet-1-in-row mobile-1-in-row desktop-default panel-row-style panel-row-style-for-152-1\" style=\"background-position: center center; background-repeat: no-repeat; background-size:cover;\" data-stretch-type=\"full\" ><div id=\"pgc-152-1-0\"  class=\"panel-grid-cell\" ><div id=\"panel-152-1-0-0\" class=\"so-panel widget widget_sow-editor panel-first-child panel-last-child\" data-index=\"4\" ><div class=\"orion default panel-widget-style panel-widget-style-for-152-1-0-0\" ><div class=\"so-widget-sow-editor so-widget-sow-editor-base\">\n<div class=\"siteorigin-widget-tinymce textwidget\">\n\t<p style=\"text-align: justify; font-size: 17px;\"><strong>Miss\u00e3o<\/strong><\/p>\n<p>Qualidade, compromisso e rapidez no atendimento.<\/p>\n<p>Satisfazer as necessidades dos nossos clientes na fabrica\u00e7\u00e3o de Calhas, Coifas e Rufos sob medida com qualidade e garantia e satisfa\u00e7\u00e3o garantida.<\/p>\n<\/div>\n<\/div><\/div><\/div><\/div><div id=\"pgc-152-1-1\"  class=\"panel-grid-cell\" ><div id=\"panel-152-1-1-0\" class=\"so-panel widget widget_sow-editor panel-first-child panel-last-child\" data-index=\"5\" ><div class=\"orion default panel-widget-style panel-widget-style-for-152-1-1-0\" ><div class=\"so-widget-sow-editor so-widget-sow-editor-base\">\n<div class=\"siteorigin-widget-tinymce textwidget\">\n\t<p style=\"text-align: justify; font-size: 17px;\"><strong>Vis\u00e3o<\/strong><\/p>\n<p>Ser reconhecidos e lembrados como a melhor op\u00e7\u00e3o na fabrica\u00e7\u00e3o, execu\u00e7\u00e3o e instala\u00e7\u00e3o de Estruturas Met\u00e1licas, Coberturas, Fechamentos, Calhas, Algerosas, Rufos, Pain\u00e9is T\u00e9rmicos e\u00a0 Esquadria de Ferro.<\/p>\n<\/div>\n<\/div><\/div><\/div><\/div><div id=\"pgc-152-1-2\"  class=\"panel-grid-cell\" ><div id=\"panel-152-1-2-0\" class=\"so-panel widget widget_sow-editor panel-first-child panel-last-child\" data-index=\"6\" ><div class=\"orion default panel-widget-style panel-widget-style-for-152-1-2-0\" ><div class=\"so-widget-sow-editor so-widget-sow-editor-base\">\n<div class=\"siteorigin-widget-tinymce textwidget\">\n\t<p style=\"text-align: justify; font-size: 17px;\"><strong>Valores<\/strong><\/p>\n<p>Nossa atua\u00e7\u00e3o ser\u00e1 sempre realizada observando a \u00e9tica, a sustentabilidade e a responsabilidade social.<\/p>\n<\/div>\n<\/div><\/div><\/div><\/div><\/div><\/div><div id=\"pg-152-2\"  class=\"panel-grid panel-has-style\" ><div class=\"siteorigin-panels-stretch tablet-1-in-row mobile-1-in-row overlay-c1 panel-row-style panel-row-style-for-152-2\" data-stretch-type=\"full\" ><div id=\"pgc-152-2-0\"  class=\"panel-grid-cell\" ><div id=\"panel-152-2-0-0\" class=\"so-panel widget widget_orion_cta_w panel-first-child panel-last-child\" data-index=\"7\" ><div class=\"orion default panel-widget-style panel-widget-style-for-152-2-0-0\" ><div class=\"so-widget-orion_cta_w so-widget-orion_cta_w-base\">\n\n<div class=\"wrapper orion-cta  middle_align  cta-centered\" style=\"padding-top: 60px; padding-bottom: 60px; \">\n\t<div class=\"cta-text text-center inline-block\">\n\t\t<h3 class=\"text-light\">Sua Obra Precisa de Nossas Solu\u00e7\u00f5es? Solicite Or\u00e7amento!<\/h3>\t<\/div>\n\t<div class=\"cta-btn inline-block text-center\">\n\t\t<a class=\"btn btn-white btn-wire btn-md\"  href=\"https:\/\/calhaschapeco.com.br\/index.php\/contato\/\">\n\t\t\tEntre em Contato\t\t\n\t\t<\/a>\n\t<\/div>\n<\/div><\/div><\/div><\/div><\/div><\/div><\/div><\/div>","protected":false},"excerpt":{"rendered":"<p>Calhas Chapec\u00f3 \u00e9 uma empresa que vem atuando no mercado h\u00e1 10 anos na fabrica\u00e7\u00e3o, execu\u00e7\u00e3o e instala\u00e7\u00e3o de Estruturas Met\u00e1licas, Coberturas, Fechamentos, Calhas, Algerosas, Rufos, Pain\u00e9is T\u00e9rmicos e\u00a0 Esquadria de Ferro, trabalhando com compet\u00eancia, honestidade, procurando sempre superar as expectativas e criando solu\u00e7\u00f5es para nossos clientes. A empresa conta com profissionais experientes, qualificados e<\/p>\n","protected":false},"author":1,"featured_media":1361,"parent":0,"menu_order":0,"comment_status":"closed","ping_status":"closed","template":"","meta":{"footnotes":""},"_links":{"self":[{"href":"https:\/\/calhaschapeco.com.br\/index.php\/wp-json\/wp\/v2\/pages\/152"}],"collection":[{"href":"https:\/\/calhaschapeco.com.br\/index.php\/wp-json\/wp\/v2\/pages"}],"about":[{"href":"https:\/\/calhaschapeco.com.br\/index.php\/wp-json\/wp\/v2\/types\/page"}],"author":[{"embeddable":true,"href":"https:\/\/calhaschapeco.com.br\/index.php\/wp-json\/wp\/v2\/users\/1"}],"replies":[{"embeddable":true,"href":"https:\/\/calhaschapeco.com.br\/index.php\/wp-json\/wp\/v2\/comments?post=152"}],"version-history":[{"count":44,"href":"https:\/\/calhaschapeco.com.br\/index.php\/wp-json\/wp\/v2\/pages\/152\/revisions"}],"predecessor-version":[{"id":1954,"href":"https:\/\/calhaschapeco.com.br\/index.php\/wp-json\/wp\/v2\/pages\/152\/revisions\/1954"}],"wp:featuredmedia":[{"embeddable":true,"href":"https:\/\/calhaschapeco.com.br\/index.php\/wp-json\/wp\/v2\/media\/1361"}],"wp:attachment":[{"href":"https:\/\/calhaschapeco.com.br\/index.php\/wp-json\/wp\/v2\/media?parent=152"}],"curies":[{"name":"wp","href":"https:\/\/api.w.org\/{rel}","templated":true}]}}